{"id":312,"date":"2015-10-05T19:19:27","date_gmt":"2015-10-05T17:19:27","guid":{"rendered":"http:\/\/blog.united-hoster.de\/?page_id=312"},"modified":"2021-08-04T09:25:58","modified_gmt":"2021-08-04T07:25:58","slug":"impressum","status":"publish","type":"page","link":"https:\/\/www.united-hoster.de\/blog\/impressum\/","title":{"rendered":"Impressum"},"content":{"rendered":"<p>united hoster GmbH<br \/>\nZettachring 10<br \/>\n70567 Stuttgart<br \/>\nDeutschland<\/p>\n<p>Tel: +49 711 169173-50<br \/>\nFax: +49 711 169173-60<\/p>\n<p><strong>Handelsregister:<\/strong><br \/>\nAmtsgericht Stuttgart HRB 214534<br \/>\nGesch\u00e4ftsf\u00fchrer: Alexander Pelz<\/p>\n<p><strong>Umsatzsteuer Ident-Nr:<\/strong> DE 232931215<\/p>\n<p><strong>Zust\u00e4ndige Aufsichtsbeh\u00f6rde:<\/strong><br \/>\nBundesnetzagentur f\u00fcr Elektrizit\u00e4t, Gas, Telekommunikation, Post und Eisenbahnen<br \/>\nTulpenfeld 4<br \/>\n53113 Bonn<\/p>\n<p><strong>Verantwortlich f\u00fcr den Inhalt gem\u00e4\u00df \u00a7 55 Abs. 2 RStV:<\/strong><br \/>\nAlexander Pelz<\/p>\n<p><strong>Rechtlicher Hinweis:<\/strong> Die Inhalte unserer Internetseite werden mit gr\u00f6\u00dfter Sorgfalt recherchiert. Dennoch kann der Anbieter keine Haftung f\u00fcr die Richtigkeit, Vollst\u00e4ndigkeit und Aktualit\u00e4t der bereit gestellten Informationen \u00fcbernehmen. Die Informationen sind insbesondere auch allgemeiner Art und stellen keine Rechtsberatung im Einzelfall dar. Zur L\u00f6sung von konkreten Rechtsf\u00e4llen konsultieren Sie bitte unbedingt vorher einen Rechtsanwalt. Die Benutzung erfolgt ausschlie\u00dflich auf eigenes Risiko.<\/p>\n","protected":false},"excerpt":{"rendered":"<p>united hoster GmbH Zettachring 10 70567 Stuttgart Deutschland Tel: +49 711 169173-50 Fax: +49 711 169173-60 Handelsregister: Amtsgericht Stuttgart HRB<\/p>\n","protected":false},"author":1,"featured_media":0,"parent":0,"menu_order":0,"comment_status":"closed","ping_status":"closed","template":"","meta":{"colormag_page_container_layout":"default_layout","colormag_page_sidebar_layout":"default_layout","footnotes":""},"class_list":["post-312","page","type-page","status-publish","hentry"],"_links":{"self":[{"href":"https:\/\/www.united-hoster.de\/blog\/wp-json\/wp\/v2\/pages\/312","targetHints":{"allow":["GET"]}}],"collection":[{"href":"https:\/\/www.united-hoster.de\/blog\/wp-json\/wp\/v2\/pages"}],"about":[{"href":"https:\/\/www.united-hoster.de\/blog\/wp-json\/wp\/v2\/types\/page"}],"author":[{"embeddable":true,"href":"https:\/\/www.united-hoster.de\/blog\/wp-json\/wp\/v2\/users\/1"}],"replies":[{"embeddable":true,"href":"https:\/\/www.united-hoster.de\/blog\/wp-json\/wp\/v2\/comments?post=312"}],"version-history":[{"count":8,"href":"https:\/\/www.united-hoster.de\/blog\/wp-json\/wp\/v2\/pages\/312\/revisions"}],"predecessor-version":[{"id":1574,"href":"https:\/\/www.united-hoster.de\/blog\/wp-json\/wp\/v2\/pages\/312\/revisions\/1574"}],"wp:attachment":[{"href":"https:\/\/www.united-hoster.de\/blog\/wp-json\/wp\/v2\/media?parent=312"}],"curies":[{"name":"wp","href":"https:\/\/api.w.org\/{rel}","templated":true}]}}